{"id":2709,"date":"2021-01-13T16:13:33","date_gmt":"2021-01-13T16:13:33","guid":{"rendered":"https:\/\/linoorwp.pixydrops.com\/?page_id=31"},"modified":"2025-12-22T10:42:32","modified_gmt":"2025-12-22T09:42:32","slug":"contact","status":"publish","type":"page","link":"https:\/\/rdm.pulsesenegaldev.com\/?page_id=2709","title":{"rendered":"Contact"},"content":{"rendered":"\t\t<div data-elementor-type=\"wp-page\" data-elementor-id=\"2709\" class=\"elementor elementor-2709\">\n\t\t\t\t<div class=\"elementor-element elementor-element-9dbf987 e-flex e-con-boxed e-con e-parent\" data-id=\"9dbf987\" data-element_type=\"container\">\n\t\t\t\t\t<div class=\"e-con-inner\">\n\t\t\t\t<div class=\"elementor-element elementor-element-1381b45 elementor-widget elementor-widget-html\" data-id=\"1381b45\" data-element_type=\"widget\" data-widget_type=\"html.default\">\n\t\t\t\t<div class=\"elementor-widget-container\">\n\t\t\t\t\t<!-- Font Awesome pour les ic\u00f4nes -->\n<link rel=\"stylesheet\" href=\"https:\/\/cdnjs.cloudflare.com\/ajax\/libs\/font-awesome\/6.5.0\/css\/all.min.css\">\n\n<style>\n  .contact-container {\n    display: flex;\n    flex-wrap: wrap;\n    gap: 20px;\n    justify-content: space-between;\n    padding: 20px;\n    background: #f9f9f9;\n    font-family: sans-serif;\n  }\n\n  .contact-box {\n    background: white;\n    border-radius: 10px;\n    box-shadow: 0 4px 10px rgba(0,0,0,0.1);\n    padding: 20px;\n    flex: 1 1 200px;\n    min-width: 250px;\n    max-width: 300px;\n    transition: transform 0.3s ease;\n  }\n\n  .contact-box:hover {\n    transform: translateY(-5px);\n  }\n\n  .contact-box i {\n    margin-right: 10px;\n    color: #444;\n  }\n\n  .contact-box strong {\n    color: #991917;\n    font-size: 1.3rem;\n    font-weight: bold;\n    display: inline-block;\n    margin-bottom: 5px;\n  }\n\n  .contact-box p, \n  .contact-box a {\n    font-size: 0.85rem;\n    color: #333;\n    line-height: 1.5;\n    text-decoration: none;\n  }\n\n  .contact-box a:hover {\n    text-decoration: underline;\n  }\n\n  .social-icons {\n    display: flex;\n    gap: 15px;\n    margin-top: 10px;\n  }\n\n  .social-icons a {\n    color: inherit;\n    transition: transform 0.2s;\n  }\n\n  .social-icons a:hover {\n    transform: scale(1.2);\n  }\n<\/style>\n\n<div class=\"contact-container\">\n  \n  <!-- Adresse -->\n  <div class=\"contact-box\">\n    <i class=\"fas fa-map-marker-alt\"><\/i>\n    <strong>Adresse<\/strong><br>\n    <p>Immeuble A\u00efcha Sacr\u00e9 c\u0153ur 2 N\u00b08651\u200b<br>\n    1er \u00e9tage gauche - Dakar<\/p>\n  <\/div>\n\n  <!-- Email -->\n  <div class=\"contact-box\">\n    <i class=\"fas fa-envelope\"><\/i>\n    <strong>Email<\/strong><br>\n    <a href=\"mailto:contact-pulse@pulse.sn\">contact-pulse@pulse.sn<\/a>\n  <\/div>\n\n  <!-- T\u00e9l\u00e9phone -->\n  <div class=\"contact-box\">\n    <i class=\"fas fa-phone\"><\/i>\n    <strong>T\u00e9l\u00e9phone<\/strong><br>\n    <a href=\"tel:+221338218668\">+221 33 821 86 68<\/a>\n  <\/div>\n\n  <!-- R\u00e9seaux sociaux -->\n  <div class=\"contact-box\">\n    <i class=\"fas fa-share-alt\"><\/i>\n    <strong>Suivez-nous<\/strong>\n    <div class=\"social-icons\">\n      <a href=\"https:\/\/www.linkedin.com\/company\/rdmagence\/\" target=\"_blank\" style=\"color: #0077B5;\">\n        <i class=\"fab fa-linkedin fa-2x\"><\/i>\n      <\/a>\n      <a href=\"https:\/\/www.facebook.com\/RDMAgence\" target=\"_blank\" style=\"color: #1877F2;\">\n        <i class=\"fab fa-facebook fa-2x\"><\/i>\n      <\/a>\n      <a href=\"https:\/\/www.instagram.com\/rdmagence\" target=\"_blank\" style=\"color: #E1306C;\">\n        <i class=\"fab fa-instagram fa-2x\"><\/i>\n      <\/a>\n      <a href=\"https:\/\/www.tiktok.com\/@rdmagence\" target=\"_blank\" style=\"color: #000000;\">\n        <i class=\"fab fa-tiktok fa-2x\"><\/i>\n      <\/a>\n    <\/div>\n  <\/div>\n\n<\/div>\n\t\t\t\t<\/div>\n\t\t\t\t<\/div>\n\t\t\t\t\t<\/div>\n\t\t\t\t<\/div>\n\t\t\t\t<section class=\"elementor-section elementor-top-section elementor-element elementor-element-1508d8c map-box elementor-section-full_width elementor-section-height-default elementor-section-height-default\" data-id=\"1508d8c\" data-element_type=\"section\">\n\t\t\t\t\t\t<div class=\"elementor-container elementor-column-gap-no\">\n\t\t\t\t\t<div class=\"elementor-column elementor-col-100 elementor-top-column elementor-element elementor-element-c2beef9\" data-id=\"c2beef9\" data-element_type=\"column\">\n\t\t\t<div class=\"elementor-widget-wrap elementor-element-populated\">\n\t\t\t\t\t\t<div class=\"elementor-element elementor-element-1788485 map-box elementor-widget__width-inherit elementor-widget elementor-widget-google_maps\" data-id=\"1788485\" data-element_type=\"widget\" data-widget_type=\"google_maps.default\">\n\t\t\t\t<div class=\"elementor-widget-container\">\n\t\t\t\t\t\t\t<div class=\"elementor-custom-embed\">\n\t\t\t<iframe loading=\"lazy\"\n\t\t\t\t\tsrc=\"https:\/\/maps.google.com\/maps?q=2%20N%C2%B08651%E2%80%8B%201er%20%C3%A9tage%20gauche%2C%20Immeuble%20Aicha%2C%20Dakar%2011000&#038;t=m&#038;z=14&#038;output=embed&#038;iwloc=near\"\n\t\t\t\t\ttitle=\"2 N\u00b08651\u200b 1er \u00e9tage gauche, Immeuble Aicha, Dakar 11000\"\n\t\t\t\t\taria-label=\"2 N\u00b08651\u200b 1er \u00e9tage gauche, Immeuble Aicha, Dakar 11000\"\n\t\t\t><\/iframe>\n\t\t<\/div>\n\t\t\t\t\t\t<\/div>\n\t\t\t\t<\/div>\n\t\t\t\t\t<\/div>\n\t\t<\/div>\n\t\t\t\t\t<\/div>\n\t\t<\/section>\n\t\t<div class=\"elementor-element elementor-element-d4c136f e-flex e-con-boxed e-con e-parent\" data-id=\"d4c136f\" data-element_type=\"container\">\n\t\t\t\t\t<div class=\"e-con-inner\">\n\t\t\t\t<div class=\"elementor-element elementor-element-c18a1f6 elementor-widget elementor-widget-spacer\" data-id=\"c18a1f6\" data-element_type=\"widget\" data-widget_type=\"spacer.default\">\n\t\t\t\t<div class=\"elementor-widget-container\">\n\t\t\t\t\t\t\t<div class=\"elementor-spacer\">\n\t\t\t<div class=\"elementor-spacer-inner\"><\/div>\n\t\t<\/div>\n\t\t\t\t\t\t<\/div>\n\t\t\t\t<\/div>\n\t\t\t\t\t<\/div>\n\t\t\t\t<\/div>\n\t\t<div class=\"elementor-element elementor-element-babb0c1 e-flex e-con-boxed e-con e-parent\" data-id=\"babb0c1\" data-element_type=\"container\">\n\t\t\t\t\t<div class=\"e-con-inner\">\n\t\t\t\t<div class=\"elementor-element elementor-element-1ed23f3 elementor-widget elementor-widget-menu-anchor\" data-id=\"1ed23f3\" data-element_type=\"widget\" data-widget_type=\"menu-anchor.default\">\n\t\t\t\t<div class=\"elementor-widget-container\">\n\t\t\t\t\t\t\t<div class=\"elementor-menu-anchor\" id=\"devis\"><\/div>\n\t\t\t\t\t\t<\/div>\n\t\t\t\t<\/div>\n\t\t\t\t\t<\/div>\n\t\t\t\t<\/div>\n\t\t<div class=\"elementor-element elementor-element-680f641 e-flex e-con-boxed e-con e-parent\" data-id=\"680f641\" data-element_type=\"container\">\n\t\t\t\t\t<div class=\"e-con-inner\">\n\t\t\t\t<div class=\"elementor-element elementor-element-d4d719e e-n-tabs-mobile elementor-widget elementor-widget-n-tabs\" data-id=\"d4d719e\" data-element_type=\"widget\" data-settings=\"{&quot;horizontal_scroll&quot;:&quot;disable&quot;}\" data-widget_type=\"nested-tabs.default\">\n\t\t\t\t<div class=\"elementor-widget-container\">\n\t\t\t\t\t\t\t<div class=\"e-n-tabs\" data-widget-number=\"223179166\" aria-label=\"Onglets. Ouvrez des \u00e9l\u00e9ments avec Entrer ou Espace, fermez-les avec Echape et naviguez \u00e0 l&#039;aide des touches fl\u00e9ch\u00e9es.\">\n\t\t\t<div class=\"e-n-tabs-heading\" role=\"tablist\">\n\t\t\t\t\t<button id=\"e-n-tab-title-2231791661\" class=\"e-n-tab-title\" aria-selected=\"true\" data-tab-index=\"1\" role=\"tab\" tabindex=\"0\" aria-controls=\"e-n-tab-content-2231791661\" style=\"--n-tabs-title-order: 1;\">\n\t\t\t\t\t\t<span class=\"e-n-tab-title-text\">\n\t\t\t\tNous contacter\t\t\t<\/span>\n\t\t<\/button>\n\t\t\t\t<button id=\"e-n-tab-title-2231791662\" class=\"e-n-tab-title\" aria-selected=\"false\" data-tab-index=\"2\" role=\"tab\" tabindex=\"-1\" aria-controls=\"e-n-tab-content-2231791662\" style=\"--n-tabs-title-order: 2;\">\n\t\t\t\t\t\t<span class=\"e-n-tab-title-text\">\n\t\t\t\tDemander un devis\t\t\t<\/span>\n\t\t<\/button>\n\t\t\t\t<button id=\"e-n-tab-title-2231791663\" class=\"e-n-tab-title\" aria-selected=\"false\" data-tab-index=\"3\" role=\"tab\" tabindex=\"-1\" aria-controls=\"e-n-tab-content-2231791663\" style=\"--n-tabs-title-order: 3;\">\n\t\t\t\t\t\t<span class=\"e-n-tab-title-text\">\n\t\t\t\tObtenir un audit gratuit\t\t\t<\/span>\n\t\t<\/button>\n\t\t\t\t\t<\/div>\n\t\t\t<div class=\"e-n-tabs-content\">\n\t\t\t\t<div id=\"e-n-tab-content-2231791661\" role=\"tabpanel\" aria-labelledby=\"e-n-tab-title-2231791661\" data-tab-index=\"1\" style=\"--n-tabs-title-order: 1;\" class=\"e-active elementor-element elementor-element-8b3518b e-con-full e-flex e-con e-child\" data-id=\"8b3518b\" data-element_type=\"container\">\n\t\t\t\t<div class=\"elementor-element elementor-element-a5eb472 elementor-widget elementor-widget-linoor-contact-form\" data-id=\"a5eb472\" data-element_type=\"widget\" data-widget_type=\"linoor-contact-form.default\">\n\t\t\t\t<div class=\"elementor-widget-container\">\n\t\t\t\t\t\n    <!--Get Quote Section-->\n    <section class=\"get-quote-three\">\n        <div class=\"auto-container\">\n                            <div class=\"sec-title centered\">\n                    <h2>Ecrivez-nous un message<span class=\"dot\">.<\/span><\/h2>\n                <\/div>\n                        <div class=\"form-box\">\n\n                <!-- loading form via plugin -->\n                                    \n<div class=\"wpcf7 no-js\" id=\"wpcf7-f124-o1\" lang=\"en-US\" dir=\"ltr\" data-wpcf7-id=\"124\">\n<div class=\"screen-reader-response\"><p role=\"status\" aria-live=\"polite\" aria-atomic=\"true\"><\/p> <ul><\/ul><\/div>\n<form action=\"\/index.php?rest_route=%2Fwp%2Fv2%2Fpages%2F2709#wpcf7-f124-o1\" method=\"post\" class=\"wpcf7-form init\" aria-label=\"Contact form\" novalidate=\"novalidate\" data-status=\"init\">\n<fieldset class=\"hidden-fields-container\"><input type=\"hidden\" name=\"_wpcf7\" value=\"124\" \/><input type=\"hidden\" name=\"_wpcf7_version\" value=\"6.1.4\" \/><input type=\"hidden\" name=\"_wpcf7_locale\" value=\"en_US\" \/><input type=\"hidden\" name=\"_wpcf7_unit_tag\" value=\"wpcf7-f124-o1\" \/><input type=\"hidden\" name=\"_wpcf7_container_post\" value=\"0\" \/><input type=\"hidden\" name=\"_wpcf7_posted_data_hash\" value=\"\" \/>\n<\/fieldset>\n<div class=\"default-form\">\n\t<div id=\"contact-form\">\n\t\t<div class=\"row clearfix\">\n\t\t\t<div class=\"form-group col-lg-6 col-md-6 col-sm-12\">\n\t\t\t\t<div class=\"field-inner\">\n\t\t\t\t\t<p><span class=\"wpcf7-form-control-wrap\" data-name=\"your-name\"><input size=\"40\" maxlength=\"400\" class=\"wpcf7-form-control wpcf7-text wpcf7-validates-as-required\" aria-required=\"true\" aria-invalid=\"false\" placeholder=\"Votre Nom Complet\" value=\"\" type=\"text\" name=\"your-name\" \/><\/span>\n\t\t\t\t\t<\/p>\n\t\t\t\t<\/div>\n\t\t\t<\/div>\n\t\t\t<div class=\"form-group col-lg-6 col-md-6 col-sm-12\">\n\t\t\t\t<div class=\"field-inner\">\n\t\t\t\t\t<p><span class=\"wpcf7-form-control-wrap\" data-name=\"your-email\"><input size=\"40\" maxlength=\"400\" class=\"wpcf7-form-control wpcf7-email wpcf7-validates-as-required wpcf7-text wpcf7-validates-as-email\" aria-required=\"true\" aria-invalid=\"false\" placeholder=\"Votre Adresse Email\" value=\"\" type=\"email\" name=\"your-email\" \/><\/span>\n\t\t\t\t\t<\/p>\n\t\t\t\t<\/div>\n\t\t\t<\/div>\n\t\t\t<div class=\"form-group col-lg-6 col-md-6 col-sm-12\">\n\t\t\t\t<div class=\"field-inner\">\n\t\t\t\t\t<p><span class=\"wpcf7-form-control-wrap\" data-name=\"your-phone\"><input size=\"40\" maxlength=\"400\" class=\"wpcf7-form-control wpcf7-text wpcf7-validates-as-required\" aria-required=\"true\" aria-invalid=\"false\" placeholder=\"Votre Numero Telephone\" value=\"\" type=\"text\" name=\"your-phone\" \/><\/span>\n\t\t\t\t\t<\/p>\n\t\t\t\t<\/div>\n\t\t\t<\/div>\n\t\t\t<div class=\"form-group col-lg-6 col-md-6 col-sm-12\">\n\t\t\t\t<div class=\"field-inner\">\n\t\t\t\t\t<p><span class=\"wpcf7-form-control-wrap\" data-name=\"your-subject\"><input size=\"40\" maxlength=\"400\" class=\"wpcf7-form-control wpcf7-text wpcf7-validates-as-required\" aria-required=\"true\" aria-invalid=\"false\" placeholder=\"Objet\" value=\"\" type=\"text\" name=\"your-subject\" \/><\/span>\n\t\t\t\t\t<\/p>\n\t\t\t\t<\/div>\n\t\t\t<\/div>\n\t\t\t<div class=\"form-group col-lg-12 col-md-12 col-sm-12\">\n\t\t\t\t<div class=\"field-inner\">\n\t\t\t\t\t<p><span class=\"wpcf7-form-control-wrap\" data-name=\"your-message\"><textarea cols=\"40\" rows=\"10\" maxlength=\"2000\" class=\"wpcf7-form-control wpcf7-textarea\" aria-invalid=\"false\" placeholder=\"Ecrivez votre Message\" name=\"your-message\"><\/textarea><\/span>\n\t\t\t\t\t<\/p>\n\t\t\t\t<\/div>\n\t\t\t<\/div>\n\t\t\t<div class=\"form-group col-lg-12 col-md-12 col-sm-12\">\n\t\t\t\t<p><button type=\"submit\" class=\"theme-btn btn-style-one\" style=\"color:#fff;\"><i class=\"btn-curve\"><\/i><span class=\"btn-title\">Envoyer votre message<\/span><\/button>\n\t\t\t\t<\/p>\n\t\t\t<\/div>\n\t\t<\/div>\n\t<\/div>\n<\/div><p style=\"display: none !important;\" class=\"akismet-fields-container\" data-prefix=\"_wpcf7_ak_\"><label>&#916;<textarea name=\"_wpcf7_ak_hp_textarea\" cols=\"45\" rows=\"8\" maxlength=\"100\"><\/textarea><\/label><input type=\"hidden\" id=\"ak_js_1\" name=\"_wpcf7_ak_js\" value=\"150\"\/><script>document.getElementById( \"ak_js_1\" ).setAttribute( \"value\", ( new Date() ).getTime() );<\/script><\/p><div class=\"wpcf7-response-output\" aria-hidden=\"true\"><\/div>\n<\/form>\n<\/div>\n                \n            <\/div>\n        <\/div>\n    <\/section>\n\n\t\t\t\t<\/div>\n\t\t\t\t<\/div>\n\t\t\t\t<\/div>\n\t\t<div id=\"e-n-tab-content-2231791662\" role=\"tabpanel\" aria-labelledby=\"e-n-tab-title-2231791662\" data-tab-index=\"2\" style=\"--n-tabs-title-order: 2;\" class=\" elementor-element elementor-element-b9f06bc e-con-full e-flex e-con e-child\" data-id=\"b9f06bc\" data-element_type=\"container\">\n\t\t<div class=\"elementor-element elementor-element-a5a9017 e-flex e-con-boxed e-con e-child\" data-id=\"a5a9017\" data-element_type=\"container\">\n\t\t\t\t\t<div class=\"e-con-inner\">\n\t\t\t\t<div class=\"elementor-element elementor-element-611e224 elementor-widget elementor-widget-menu-anchor\" data-id=\"611e224\" data-element_type=\"widget\" data-widget_type=\"menu-anchor.default\">\n\t\t\t\t<div class=\"elementor-widget-container\">\n\t\t\t\t\t\t\t<div class=\"elementor-menu-anchor\" id=\"devis\"><\/div>\n\t\t\t\t\t\t<\/div>\n\t\t\t\t<\/div>\n\t\t\t\t<div class=\"elementor-element elementor-element-6bf5cf8 elementor-widget__width-initial elementor-widget elementor-widget-linoor-contact-form\" data-id=\"6bf5cf8\" data-element_type=\"widget\" data-widget_type=\"linoor-contact-form.default\">\n\t\t\t\t<div class=\"elementor-widget-container\">\n\t\t\t\t\t\n    <!--Get Quote Section-->\n    <section class=\"get-quote-three\">\n        <div class=\"auto-container\">\n                            <div class=\"sec-title centered\">\n                    <h2>Demander un devis<span class=\"dot\">.<\/span><\/h2>\n                <\/div>\n                        <div class=\"form-box\">\n\n                <!-- loading form via plugin -->\n                                    \n<div class=\"wpcf7 no-js\" id=\"wpcf7-f2348-o2\" lang=\"en-US\" dir=\"ltr\" data-wpcf7-id=\"2348\">\n<div class=\"screen-reader-response\"><p role=\"status\" aria-live=\"polite\" aria-atomic=\"true\"><\/p> <ul><\/ul><\/div>\n<form action=\"\/index.php?rest_route=%2Fwp%2Fv2%2Fpages%2F2709#wpcf7-f2348-o2\" method=\"post\" class=\"wpcf7-form init\" aria-label=\"Contact form\" novalidate=\"novalidate\" data-status=\"init\">\n<fieldset class=\"hidden-fields-container\"><input type=\"hidden\" name=\"_wpcf7\" value=\"2348\" \/><input type=\"hidden\" name=\"_wpcf7_version\" value=\"6.1.4\" \/><input type=\"hidden\" name=\"_wpcf7_locale\" value=\"en_US\" \/><input type=\"hidden\" name=\"_wpcf7_unit_tag\" value=\"wpcf7-f2348-o2\" \/><input type=\"hidden\" name=\"_wpcf7_container_post\" value=\"0\" \/><input type=\"hidden\" name=\"_wpcf7_posted_data_hash\" value=\"\" \/>\n<\/fieldset>\n<div class=\"default-form\">\n\t<div id=\"contact-form\">\n\t\t<div class=\"row clearfix\">\n\t\t\t<div class=\"form-group col-lg-6 col-md-6 col-sm-12\">\n\t\t\t\t<div class=\"field-inner\">\n\t\t\t\t\t<p><span class=\"wpcf7-form-control-wrap\" data-name=\"text-129\"><input size=\"40\" maxlength=\"400\" class=\"wpcf7-form-control wpcf7-text wpcf7-validates-as-required\" aria-required=\"true\" aria-invalid=\"false\" placeholder=\"Votre nom\" value=\"\" type=\"text\" name=\"text-129\" \/><\/span>\n\t\t\t\t\t<\/p>\n\t\t\t\t<\/div>\n\t\t\t<\/div>\n\t\t\t<div class=\"form-group col-lg-6 col-md-6 col-sm-12\">\n\t\t\t\t<div class=\"field-inner\">\n\t\t\t\t\t<p><span class=\"wpcf7-form-control-wrap\" data-name=\"email-646\"><input size=\"40\" maxlength=\"400\" class=\"wpcf7-form-control wpcf7-email wpcf7-validates-as-required wpcf7-text wpcf7-validates-as-email\" aria-required=\"true\" aria-invalid=\"false\" placeholder=\"Votre adresse Email\" value=\"\" type=\"email\" name=\"email-646\" \/><\/span>\n\t\t\t\t\t<\/p>\n\t\t\t\t<\/div>\n\t\t\t<\/div>\n\t\t\t<div class=\"form-group col-lg-12 col-md-12 col-sm-12\">\n\t\t\t\t<div class=\"field-inner\">\n\t\t\t\t\t<p><span class=\"wpcf7-form-control-wrap\" data-name=\"textarea-293\"><textarea cols=\"40\" rows=\"10\" maxlength=\"2000\" class=\"wpcf7-form-control wpcf7-textarea wpcf7-validates-as-required\" aria-required=\"true\" aria-invalid=\"false\" placeholder=\"Votre message...\" name=\"textarea-293\"><\/textarea><\/span>\n\t\t\t\t\t<\/p>\n\t\t\t\t<\/div>\n\t\t\t<\/div>\n\t\t\t<div class=\"form-group col-lg-12 col-md-12 col-sm-12\">\n\t\t\t\t<p><button type=\"submit\" class=\"theme-btn btn-style-one\" style=\"color:#fff;\"><br \/>\n<i class=\"btn-curve\"><\/i><br \/>\n<span class=\"btn-title\">Soumettre votre demande<\/span><br \/>\n<\/button>\n\t\t\t\t<\/p>\n\t\t\t<\/div>\n\t\t<\/div>\n\t<\/div>\n<\/div><p style=\"display: none !important;\" class=\"akismet-fields-container\" data-prefix=\"_wpcf7_ak_\"><label>&#916;<textarea name=\"_wpcf7_ak_hp_textarea\" cols=\"45\" rows=\"8\" maxlength=\"100\"><\/textarea><\/label><input type=\"hidden\" id=\"ak_js_2\" name=\"_wpcf7_ak_js\" value=\"178\"\/><script>document.getElementById( \"ak_js_2\" ).setAttribute( \"value\", ( new Date() ).getTime() );<\/script><\/p><div class=\"wpcf7-response-output\" aria-hidden=\"true\"><\/div>\n<\/form>\n<\/div>\n                \n            <\/div>\n        <\/div>\n    <\/section>\n\n\t\t\t\t<\/div>\n\t\t\t\t<\/div>\n\t\t\t\t\t<\/div>\n\t\t\t\t<\/div>\n\t\t\t\t<\/div>\n\t\t<div id=\"e-n-tab-content-2231791663\" role=\"tabpanel\" aria-labelledby=\"e-n-tab-title-2231791663\" data-tab-index=\"3\" style=\"--n-tabs-title-order: 3;\" class=\" elementor-element elementor-element-18ca565 e-con-full e-flex e-con e-child\" data-id=\"18ca565\" data-element_type=\"container\">\n\t\t\t\t<div class=\"elementor-element elementor-element-e3c9473 elementor-widget elementor-widget-linoor-contact-form\" data-id=\"e3c9473\" data-element_type=\"widget\" data-widget_type=\"linoor-contact-form.default\">\n\t\t\t\t<div class=\"elementor-widget-container\">\n\t\t\t\t\t\n    <!--Get Quote Section-->\n    <section class=\"get-quote-three\">\n        <div class=\"auto-container\">\n                            <div class=\"sec-title centered\">\n                    <h2>Obtenir un audit gratuit<span class=\"dot\">.<\/span><\/h2>\n                <\/div>\n                        <div class=\"form-box\">\n\n                <!-- loading form via plugin -->\n                                    \n<div class=\"wpcf7 no-js\" id=\"wpcf7-f1708-o3\" lang=\"en-US\" dir=\"ltr\" data-wpcf7-id=\"1708\">\n<div class=\"screen-reader-response\"><p role=\"status\" aria-live=\"polite\" aria-atomic=\"true\"><\/p> <ul><\/ul><\/div>\n<form action=\"\/index.php?rest_route=%2Fwp%2Fv2%2Fpages%2F2709#wpcf7-f1708-o3\" method=\"post\" class=\"wpcf7-form init\" aria-label=\"Contact form\" novalidate=\"novalidate\" data-status=\"init\">\n<fieldset class=\"hidden-fields-container\"><input type=\"hidden\" name=\"_wpcf7\" value=\"1708\" \/><input type=\"hidden\" name=\"_wpcf7_version\" value=\"6.1.4\" \/><input type=\"hidden\" name=\"_wpcf7_locale\" value=\"en_US\" \/><input type=\"hidden\" name=\"_wpcf7_unit_tag\" value=\"wpcf7-f1708-o3\" \/><input type=\"hidden\" name=\"_wpcf7_container_post\" value=\"0\" \/><input type=\"hidden\" name=\"_wpcf7_posted_data_hash\" value=\"\" \/>\n<\/fieldset>\n<div class=\"default-form\">\n\t<div id=\"contact-form\">\n\t\t<div class=\"row clearfix\">\n\n <!-- Nom -->\n\t\t\t<div class=\"form-group col-lg-6 col-md-6 col-sm-12\">\n\t\t\t\t<div class=\"field-inner\">\n\t\t\t\t\t<p><input type=\"text\" name=\"your-name\" placeholder=\"Votre nom\" required \/>\n\t\t\t\t\t<\/p>\n\t\t\t\t<\/div>\n\t\t\t<\/div>\n\n <!-- Email -->\n\t\t\t<div class=\"form-group col-lg-6 col-md-6 col-sm-12\">\n\t\t\t\t<div class=\"field-inner\">\n\t\t\t\t\t<p><input type=\"email\" name=\"your-email\" placeholder=\"Votre adresse email\" required \/>\n\t\t\t\t\t<\/p>\n\t\t\t\t<\/div>\n\t\t\t<\/div>\n\n <!-- S\u00e9lecteur de services -->\n\t\t\t<div class=\"form-group col-lg-12 col-md-12 col-sm-12\">\n\t\t\t\t<div class=\"field-inner\">\n\t\t\t\t\t<p><select name=\"service-select\" required>\n <option value=\"\" disabled selected>Choisissez un service<\/option>\n <optgroup label=\"Relations Publiques\">\n <option value=\"Conseil en relations publiques\">CONSEIL EN RELATIONS PUBLIQUES<\/option>\n <option value=\"Relations presse\">RELATIONS PRESSE<\/option>\n <option value=\"Influence marketing\">INFLUENCE MARKETING<\/option>\n <option value=\"Production de contenus\">PRODUCTION DE CONTENUS (NEWSLETTER \/ EMAILING \/ ARTICLES DE BLOGS \/ TEXTES DE SITES \/ TRADUCTION DE CONTENUS DE SITES)<\/option>\n <option value=\"Banni\u00e8res\">BANNI\u00c8RES MOBILES ET DESKTOP<\/option>\n <option value=\"Articles sponsoris\u00e9s\">ARTICLES SPONSORIS\u00c9S<\/option>\n <option value=\"Publications RS\">PUBLICATIONS SUR LES R\u00c9SEAUX SOCIAUX (Facebook, Twitter, Instagram, Tik Tok)<\/option>\n <option value=\"Email marketing\">E-MAIL MARKETING (Placement de banni\u00e8res, Articles)<\/option>\n <\/optgroup>\n\n <optgroup label=\"Digital\">\n <option value=\"Sites web \/ applications\">SITES INTERNET \/ APPLICATIONS WEB ET MOBILE \/ PLATEFORME TECHNIQUE SUR MESURE<\/option>\n <option value=\"Social media\">GESTION DES R\u00c9SEAUX SOCIAUX<\/option>\n <option value=\"SEO\">R\u00c9F\u00c9RENCEMENT NATUREL (SEO)<\/option>\n <option value=\"Webmastering\">WEBMASTERING<\/option>\n <option value=\"Emailing\">EMAILING ET NEWSLETTER<\/option>\n <option value=\"Publicit\u00e9 en ligne\">PUBLICIT\u00c9S EN LIGNE<\/option>\n <option value=\"H\u00e9bergement \/ domaine\">GESTION DE DOMAINE ET H\u00c9BERGEMENT<\/option>\n <option value=\"Lead gen\">G\u00c9N\u00c9RATION DE LEADS (PROSPECTS)<\/option>\n <\/optgroup>\n\n <optgroup label=\"Marketing\">\n <option value=\"Marketing offline \/ print\">MARKETING OFFLINE 360\u00b0 & PRODUCTION DE SUPPORTS PRINT<\/option>\n <option value=\"Conseil marketing\">CONSEIL EN STRAT\u00c9GIE MARKETING<\/option>\n <option value=\"Photo \/ vid\u00e9o\">PRODUCTION PHOTOS ET VID\u00c9OS<\/option>\n <option value=\"Design graphique\">DESIGN GRAPHIQUE<\/option>\n <option value=\"Animations 2D\/3D\">ANIMATIONS 2D\/3D, MOD\u00c9LISATION 3D, MOTION DESIGN<\/option>\n <option value=\"Couverture d'\u00e9v\u00e9nements\">COUVERTURE D'\u00c9V\u00c9NEMENTS<\/option>\n <\/optgroup>\n <\/select>\n\t\t\t\t\t<\/p>\n\t\t\t\t<\/div>\n\t\t\t<\/div>\n\n <!-- Message -->\n\t\t\t<div class=\"form-group col-lg-12 col-md-12 col-sm-12\">\n\t\t\t\t<div class=\"field-inner\">\n\t\t\t\t\t<p><textarea name=\"your-message\" placeholder=\"\u00c9crivez votre message\" required><\/textarea>\n\t\t\t\t\t<\/p>\n\t\t\t\t<\/div>\n\t\t\t<\/div>\n\n <!-- Bouton -->\n\t\t\t<div class=\"form-group col-lg-12 col-md-12 col-sm-12\">\n\t\t\t\t<p><button type=\"submit\" class=\"theme-btn btn-style-one\"><br \/>\n<i class=\"btn-curve\"><\/i><br \/>\n<span class=\"btn-title\">Soumettre votre demande<\/span><br \/>\n<\/button>\n\t\t\t\t<\/p>\n\t\t\t<\/div>\n\t\t<\/div>\n\t<\/div>\n<\/div><p style=\"display: none !important;\" class=\"akismet-fields-container\" data-prefix=\"_wpcf7_ak_\"><label>&#916;<textarea name=\"_wpcf7_ak_hp_textarea\" cols=\"45\" rows=\"8\" maxlength=\"100\"><\/textarea><\/label><input type=\"hidden\" id=\"ak_js_3\" name=\"_wpcf7_ak_js\" value=\"39\"\/><script>document.getElementById( \"ak_js_3\" ).setAttribute( \"value\", ( new Date() ).getTime() );<\/script><\/p><div class=\"wpcf7-response-output\" aria-hidden=\"true\"><\/div>\n<\/form>\n<\/div>\n                \n            <\/div>\n        <\/div>\n    <\/section>\n\n\t\t\t\t<\/div>\n\t\t\t\t<\/div>\n\t\t\t\t<\/div>\n\t\t\t\t\t<\/div>\n\t\t<\/div>\n\t\t\t\t\t\t<\/div>\n\t\t\t\t<\/div>\n\t\t\t\t\t<\/div>\n\t\t\t\t<\/div>\n\t\t\t\t<\/div>\n\t\t","protected":false},"excerpt":{"rendered":"<p>Adresse Immeuble A\u00efcha Sacr\u00e9 c\u0153ur 2 N\u00b08651\u200b 1er \u00e9tage gauche &#8211; Dakar Email contact-pulse@pulse.sn T\u00e9l\u00e9phone +221 33 821 86 68 Suivez-nous Nous contacter Demander un devis Obtenir un audit gratuit Ecrivez-nous un message. Envoyer votre message &#916; Demander un devis. Soumettre votre demande &#916; Obtenir un audit gratuit. Choisissez un serviceCONSEIL EN RELATIONS PUBLIQUESRELATIONS PRESSEINFLUENCE [&hellip;]<\/p>\n","protected":false},"author":1,"featured_media":0,"parent":0,"menu_order":0,"comment_status":"closed","ping_status":"closed","template":"elementor_header_footer","meta":{"_monsterinsights_skip_tracking":false,"_monsterinsights_sitenote_active":false,"_monsterinsights_sitenote_note":"","_monsterinsights_sitenote_category":0,"footnotes":""},"class_list":["post-2709","page","type-page","status-publish","hentry"],"aioseo_notices":[],"_links":{"self":[{"href":"https:\/\/rdm.pulsesenegaldev.com\/index.php?rest_route=\/wp\/v2\/pages\/2709","targetHints":{"allow":["GET"]}}],"collection":[{"href":"https:\/\/rdm.pulsesenegaldev.com\/index.php?rest_route=\/wp\/v2\/pages"}],"about":[{"href":"https:\/\/rdm.pulsesenegaldev.com\/index.php?rest_route=\/wp\/v2\/types\/page"}],"author":[{"embeddable":true,"href":"https:\/\/rdm.pulsesenegaldev.com\/index.php?rest_route=\/wp\/v2\/users\/1"}],"replies":[{"embeddable":true,"href":"https:\/\/rdm.pulsesenegaldev.com\/index.php?rest_route=%2Fwp%2Fv2%2Fcomments&post=2709"}],"version-history":[{"count":160,"href":"https:\/\/rdm.pulsesenegaldev.com\/index.php?rest_route=\/wp\/v2\/pages\/2709\/revisions"}],"predecessor-version":[{"id":5043,"href":"https:\/\/rdm.pulsesenegaldev.com\/index.php?rest_route=\/wp\/v2\/pages\/2709\/revisions\/5043"}],"wp:attachment":[{"href":"https:\/\/rdm.pulsesenegaldev.com\/index.php?rest_route=%2Fwp%2Fv2%2Fmedia&parent=2709"}],"curies":[{"name":"wp","href":"https:\/\/api.w.org\/{rel}","templated":true}]}}