{"id":3,"date":"2025-04-28T12:13:59","date_gmt":"2025-04-28T10:13:59","guid":{"rendered":"https:\/\/rdm.pulsesenegaldev.com\/?page_id=3"},"modified":"2025-06-26T04:08:15","modified_gmt":"2025-06-26T02:08:15","slug":"conditions","status":"publish","type":"page","link":"https:\/\/rdm.pulsesenegaldev.com\/?page_id=3","title":{"rendered":"Conditions d&rsquo;utilisations"},"content":{"rendered":"\t\t<div data-elementor-type=\"wp-page\" data-elementor-id=\"3\" class=\"elementor elementor-3\">\n\t\t\t\t<div class=\"elementor-element elementor-element-aa8d2c5 e-flex e-con-boxed e-con e-parent\" data-id=\"aa8d2c5\" data-element_type=\"container\">\n\t\t\t\t\t<div class=\"e-con-inner\">\n\t\t\t\t<div class=\"elementor-element elementor-element-13f5434e elementor-widget elementor-widget-text-editor\" data-id=\"13f5434e\" data-element_type=\"widget\" data-widget_type=\"text-editor.default\">\n\t\t\t\t<div class=\"elementor-widget-container\">\n\t\t\t\t\t\t\t\t\t\n<h2 class=\"wp-block-heading\">Les conditions d&rsquo;utilisation<\/h2>\n\n<p>Ces Conditions G\u00e9n\u00e9rales de Vente (CGV) concernent tous les services de &lsquo;Pulse Africa&rsquo; (\u00e0 partir d&rsquo;ici sur Pulse): elles sont destin\u00e9es \u00e0 la fois aux contributeurs et aux utilisateurs de notre plateforme et \u00e9diteur dans le pays d&rsquo;exploitation concern\u00e9, ainsi qu&rsquo;\u00e0 des tierces parties sur comment notre plateforme et notre \u00e9diteur fonctionnent.<\/p>\n\n<p>En visitant notre site Web, vous acceptez les conditions g\u00e9n\u00e9rales d\u00e9crites. Ils couvrent \u00e9galement notre newsletter et d&rsquo;autres points de contact avec notre plateforme et notre \u00e9diteur &#8211; \u00e0 moins qu&rsquo;ils ne soient couverts directement par les conditions g\u00e9n\u00e9rales des fournisseurs tiers. Lorsque des conditions sont mentionn\u00e9es sur le site Web \/ la plateforme \/ l&rsquo;\u00e9diteur dans ces conditions g\u00e9n\u00e9rales, elles se rapportent \u00e0 tous les services fournis par la soci\u00e9t\u00e9.<\/p>\n\n<h4>Terminologie<\/h4>\n\n<p>La terminologie suivante s&rsquo;applique aux pr\u00e9sentes conditions g\u00e9n\u00e9rales, \u00e0 la d\u00e9claration de confidentialit\u00e9 et \u00e0 l&rsquo;avis de non-responsabilit\u00e9 et \u00e0 tout ou partie des accords:<\/p>\n\n<ul>\n<li>Nos politiques et exigences pour les contributeurs<\/li>\n<li>Nos politiques et exigences pour les utilisateurs<\/li>\n<\/ul>\n\n<p>Pulse vous accorde par la pr\u00e9sente la permission d&rsquo;acc\u00e9der et d&rsquo;utiliser le Service, sous r\u00e9serve des conditions expresses suivantes, et vous acceptez que votre non-respect de l&rsquo;une de ces conditions constitue une violation de ces Conditions de votre part:<\/p>\n\n<p><strong>a)<\/strong> vous vous engagez \u00e0 ne distribuer aucune partie ou parties du site Web ou du service, y compris, mais sans s&rsquo;y limiter, \u00e0 tout contenu, sur quelque support que ce soit, sans autorisation \u00e9crite pr\u00e9alable de Pulse, \u00e0 moins que Pulse ne mette \u00e0 disposition les moyens d&rsquo;une telle distribution par le biais des fonctionnalit\u00e9s offertes par le service;<\/p>\n\n<p><strong>b)<\/strong> vous vous engagez \u00e0 ne pas (ou tenter de) contourner, d\u00e9sactiver ou autrement interf\u00e9rer avec les fonctionnalit\u00e9s li\u00e9es \u00e0 la s\u00e9curit\u00e9 du Service ou les fonctionnalit\u00e9s qui (i) emp\u00eachent ou restreignent l&rsquo;utilisation ou la copie du Contenu ou (ii) imposent des limitations sur l&rsquo;utilisation du Service ou le contenu accessible via le Service;<\/p>\n\n<p><strong>c)<\/strong> vous vous engagez \u00e0 ne pas utiliser le Service pour l&rsquo;une des utilisations commerciales suivantes, sauf si vous obtenez l&rsquo;autorisation \u00e9crite pr\u00e9alable de Pulse:<\/p>\n\n<ul>\n<li><strong>i.<\/strong> la vente d&rsquo;acc\u00e8s au Service<br \/><\/li>\n<li><strong>ii.<\/strong> la vente de publicit\u00e9, de commandites ou de promotions plac\u00e9es sur ou au sein du Service ou du Contenu;<\/li>\n<li><strong>iii.<\/strong> la vente de publicit\u00e9, de commandites ou de promotions sur toute page d&rsquo;un canal ou d&rsquo;un site Web avec publicit\u00e9 contenant du Contenu fourni via le Service<\/li>\n<\/ul>\n\n<p><strong>d)<\/strong> vous vous engagez \u00e0 ne pas utiliser ou lancer de syst\u00e8me automatis\u00e9 (y compris, sans limitation, tout robot, araign\u00e9e ou lecteur hors ligne) qui acc\u00e8de au Service d&rsquo;une mani\u00e8re qui envoie plus de messages de demande aux serveurs Pulse dans une p\u00e9riode de temps donn\u00e9e qu&rsquo;un l&rsquo;homme peut raisonnablement produire au cours de la m\u00eame p\u00e9riode en utilisant un navigateur Web standard accessible au public (c&rsquo;est-\u00e0-dire non modifi\u00e9);<\/p>\n<p><strong><\/strong><\/p>\n<p><strong>e)<\/strong> vous acceptez de ne pas collecter ou r\u00e9colter les donn\u00e9es personnelles de tout utilisateur du site Web ou de tout service (et acceptez que cela soit r\u00e9put\u00e9 inclure les noms de compte pulse.sn);<\/p>\n\n<p><strong>f)<\/strong> vous acceptez de ne pas utiliser le site Web ou les services (y compris les commentaires et les fonctionnalit\u00e9s de courrier \u00e9lectronique du site Web) pour solliciter des affaires dans le cadre de transactions commerciales ou en relation avec une entreprise commerciale;<\/p>\n\n<p><strong>g)<\/strong> vous ne devez pas copier, reproduire, distribuer, transmettre, diffuser, afficher, vendre, conc\u00e9der sous licence ou autrement exploiter un Contenu \u00e0 d&rsquo;autres fins sans le consentement \u00e9crit pr\u00e9alable de Pulse ou des conc\u00e9dants de licence respectifs du Contenu.<\/p>\n\n<h4>Lois et r\u00e8glements applicables<\/h4>\n\n<p>Ces conditions g\u00e9n\u00e9rales sont r\u00e9gies et interpr\u00e9t\u00e9es conform\u00e9ment \u00e0 toutes les lois, r\u00e8gles et r\u00e9glementations f\u00e9d\u00e9rales et \u00e9tatiques applicables du pays d&rsquo;exploitation concern\u00e9. En acc\u00e9dant \u00e0 ce site Web et en utilisant nos services, vous consentez \u00e0 ces termes et conditions et \u00e0 la comp\u00e9tence exclusive des tribunaux dans tous les litiges d\u00e9coulant d&rsquo;un tel acc\u00e8s. Si l&rsquo;une de ces conditions est jug\u00e9e invalide ou inapplicable pour quelque raison que ce soit, la disposition invalide ou inapplicable sera dissoci\u00e9e de ces conditions et les autres conditions continueront de s&rsquo;appliquer. L&rsquo;incapacit\u00e9 de la Soci\u00e9t\u00e9 \u00e0 appliquer l&rsquo;une des dispositions \u00e9nonc\u00e9es dans les pr\u00e9sentes conditions g\u00e9n\u00e9rales et tout accord, ou le d\u00e9faut d&rsquo;exercer une option de r\u00e9siliation, ne sera pas interpr\u00e9t\u00e9 comme une renonciation \u00e0 ces dispositions et n&rsquo;affectera pas la validit\u00e9 de ces conditions g\u00e9n\u00e9rales ou de tout accord ou partie de celui-ci, ou le droit par la suite de faire respecter chaque disposition.<\/p>\n\n<h4>Avertissement<\/h4>\n\n<p>Pulse d\u00e9cline toute responsabilit\u00e9 quant au contenu de tout site connect\u00e9 \u00e0 ce site, que ce soit par hyperlien ou autrement. Tous les liens fournis \u00e0 partir de son site Web sont \u00abtels quels\u00bb et sans aucune garantie expresse ou implicite quant \u00e0 leur fonctionnalit\u00e9, leur utilisation ou en ce qui concerne les informations fournies sur ou li\u00e9es \u00e0 leurs sites connexes.<\/p>\n\n<p>Pulse prend toutes les mesures raisonnables pour exiger de ses Contributeurs afin de s&rsquo;assurer que les informations affich\u00e9es sur son site Web sont exactes et \u00e0 jour, mais nous d\u00e9clinons toute responsabilit\u00e9 pour toute perte occasionn\u00e9e \u00e0 toute personne ou entreprise (directe, indirecte ou cons\u00e9cutive) ni pour tout dommage (qu&rsquo;il soit g\u00e9n\u00e9ral, sp\u00e9cial ou aggrav\u00e9, punitif, y compris le triple des dommages), les co\u00fbts, r\u00e9clamations ou d\u00e9penses r\u00e9sultant de toute action, erreur ou omission de la part de Pulse ou de ses employ\u00e9s ou agents ou de tout autre tiers en relation avec les informations affich\u00e9 sur son site Web.<\/p>\n\n<p>Pulse et \/ ou l&rsquo;une de ses soci\u00e9t\u00e9s affili\u00e9es d\u00e9clinent toute responsabilit\u00e9, obligation, garantie ou responsabilit\u00e9 dans quelque cas que ce soit et ne font aucune d\u00e9claration, expresse ou implicite, statutaire ou autre, y compris les garanties ou repr\u00e9sentations concernant l&rsquo;exactitude, la fiabilit\u00e9, l&rsquo;exhaustivit\u00e9, l&rsquo;aptitude \u00e0 des fins particuli\u00e8res, la qualit\u00e9 marchande, la non-violation des droits de tiers et \/ ou la s\u00e9curit\u00e9 du contenu de ce site Web, et toute repr\u00e9sentation et garantie s&rsquo;y rapportant sont express\u00e9ment refus\u00e9es. Pulse et \/ ou ses affili\u00e9s ne seront pas responsables de toute perte ou dommage r\u00e9sultant de votre utilisation ou acc\u00e8s, ou de l&rsquo;impossibilit\u00e9 d&rsquo;utiliser ou d&rsquo;acc\u00e9der au site Web. Pulse ne garantit pas que les fonctions contenues dans le mat\u00e9riel disponible sur ce site seront ininterrompues ou exemptes d&rsquo;erreurs, que les d\u00e9fauts seront corrig\u00e9s ou que le mat\u00e9riel, ce site ou le serveur qui les rend disponibles sont exempts de virus ou d&rsquo;autres nuisances. Composants. Vous assumez l&rsquo;int\u00e9gralit\u00e9 des risques et des co\u00fbts de tous les services, r\u00e9parations et corrections n\u00e9cessaires.<\/p>\n\n<p>Nous pouvons p\u00e9riodiquement modifier, ajouter, supprimer, mettre \u00e0 jour ou alt\u00e9rer les services, y compris, sans limitation, ces termes et conditions. Nous pouvons suspendre ou interrompre les services fournis par le biais de ce site Web \u00e0 tout moment sans pr\u00e9avis.<\/p>\n\n<p>Vous acceptez que ni nous, ni aucun de nos dirigeants, administrateurs, employ\u00e9s, actionnaires, parents, filiales, soci\u00e9t\u00e9s affili\u00e9es, agents ou prestataires de services tiers, ni nos fournisseurs, fournisseurs ou conc\u00e9dants de licence ne sont responsables des dommages r\u00e9sultant de:<\/p>\n\n<p>fournir ou ne pas fournir de services, y compris, mais sans s&rsquo;y limiter, les d\u00e9ficiences ou les probl\u00e8mes avec un appareil ou la couverture r\u00e9seau (par exemple, services interrompus, bloqu\u00e9s, interrompus, etc.);<\/p>\n\n<p>Dans la mesure permise par la loi, notre responsabilit\u00e9 pour les dommages p\u00e9cuniaires pour toute r\u00e9clamation que vous pourriez avoir contre nous est limit\u00e9e au maximum au montant proportionnel des frais de service imputables \u00e0 la p\u00e9riode concern\u00e9e. En aucun cas, nous ne sommes responsables des dommages accessoires, cons\u00e9cutifs, punitifs, multiples ou sp\u00e9ciaux de quelque nature que ce soit r\u00e9sultant de ou li\u00e9s \u00e0 la fourniture ou \u00e0 l&rsquo;omission de fournir des services en rapport avec un appareil, y compris, mais sans s&rsquo;y limiter, la perte de b\u00e9n\u00e9fices , perte d&rsquo;activit\u00e9 ou co\u00fbt des produits et services de remplacement.<\/p>\n\n<p>Modification, cession et renonciation<\/p>\n\n<p>Modification et notification des modifications<\/p>\n\n<p>La Soci\u00e9t\u00e9 se r\u00e9serve le droit de changer, d&rsquo;amender, de modifier ou de r\u00e9viser ces conditions de temps \u00e0 autre comme il semble appropri\u00e9 et votre utilisation continue du site signifiera votre acceptation de tout ajustement de ces conditions. Toute utilisation des Services \u00e0 la suite d&rsquo;une telle notification constituera votre accord \u00e0 ces changements.<\/p>\n\n<p>De plus, nous pouvons, de temps \u00e0 autre, r\u00e9viser ou mettre \u00e0 jour les applications, les services et \/ ou le mat\u00e9riel connexe, ce qui peut rendre toutes ces versions ant\u00e9rieures obsol\u00e8tes. Par cons\u00e9quent, nous nous r\u00e9servons le droit de r\u00e9silier les pr\u00e9sentes conditions g\u00e9n\u00e9rales concernant toutes ces versions ant\u00e9rieures des applications, des services et \/ ou du mat\u00e9riel connexe et de limiter l&rsquo;acc\u00e8s aux seules r\u00e9visions et mises \u00e0 jour les plus r\u00e9centes.<\/p>\n\n<p>Ces termes et conditions font partie de l&rsquo;accord entre l&rsquo;utilisateur et la soci\u00e9t\u00e9. Votre acc\u00e8s \u00e0 ce site Web et \/ ou l&rsquo;engagement d&rsquo;un contrat ou d&rsquo;une r\u00e9servation indique votre compr\u00e9hension, votre accord et votre acceptation de la clause de non-responsabilit\u00e9 et des conditions g\u00e9n\u00e9rales compl\u00e8tes contenues dans le pr\u00e9sent document.<\/p>\n\n<h4>Affectation<\/h4>\n\n<p>Vous ne pouvez transf\u00e9rer, c\u00e9der ou sous-traiter aucun de vos droits et obligations en vertu des pr\u00e9sentes conditions g\u00e9n\u00e9rales. Nous pouvons c\u00e9der, transf\u00e9rer ou sous-traiter nos droits et obligations en vertu des pr\u00e9sentes conditions g\u00e9n\u00e9rales sans vous en informer ni obtenir votre consentement, et sans autre responsabilit\u00e9.<\/p>\n\n<h4>Renonciation<\/h4>\n\n<p>Le d\u00e9faut de l&rsquo;une ou l&rsquo;autre des parties d&rsquo;insister sur la stricte ex\u00e9cution de toute disposition du pr\u00e9sent accord ou de tout accord ou le d\u00e9faut de l&rsquo;une ou l&rsquo;autre des parties d&rsquo;exercer tout droit ou recours auquel elle ou il a droit en vertu des pr\u00e9sentes ne constitue pas une renonciation \u00e0 ces accords et ne doit pas entra\u00eener une diminution des obligations d\u00e9coulant du pr\u00e9sent accord ou de tout accord. Ni le cours de la conduite entre les parties ni les pratiques commerciales n&rsquo;agiront pour modifier une disposition des pr\u00e9sentes conditions g\u00e9n\u00e9rales. Aucune renonciation \u00e0 l&rsquo;une des dispositions du pr\u00e9sent accord ou de tout accord ne sera effective \u00e0 moins qu&rsquo;elle ne soit express\u00e9ment d\u00e9clar\u00e9e comme telle et sign\u00e9e par les deux parties. Aucun retard ou omission de notre part dans l&rsquo;exercice de tout droit ou recours ne constituera une renonciation \u00e0 ces droits ou recours ou \u00e0 tout autre droit ou recours. Une renonciation \u00e0 une seule occasion ne doit pas \u00eatre interpr\u00e9t\u00e9e comme une interdiction ou une renonciation \u00e0 tout droit ou recours \u00e0 de futures occasions.<\/p>\n\t\t\t\t\t\t\t\t<\/div>\n\t\t\t\t<\/div>\n\t\t\t\t\t<\/div>\n\t\t\t\t<\/div>\n\t\t\t\t<\/div>\n\t\t","protected":false},"excerpt":{"rendered":"<p>Les conditions d&rsquo;utilisation Ces Conditions G\u00e9n\u00e9rales de Vente (CGV) concernent tous les services de &lsquo;Pulse Africa&rsquo; (\u00e0 partir d&rsquo;ici sur Pulse): elles sont destin\u00e9es \u00e0 la fois aux contributeurs et aux utilisateurs de notre plateforme et \u00e9diteur dans le pays d&rsquo;exploitation concern\u00e9, ainsi qu&rsquo;\u00e0 des tierces parties sur comment notre plateforme et notre \u00e9diteur fonctionnent. [&hellip;]<\/p>\n","protected":false},"author":1,"featured_media":0,"parent":0,"menu_order":0,"comment_status":"closed","ping_status":"closed","template":"elementor_header_footer","meta":{"_monsterinsights_skip_tracking":false,"_monsterinsights_sitenote_active":false,"_monsterinsights_sitenote_note":"","_monsterinsights_sitenote_category":0,"footnotes":""},"class_list":["post-3","page","type-page","status-publish","hentry"],"aioseo_notices":[],"_links":{"self":[{"href":"https:\/\/rdm.pulsesenegaldev.com\/index.php?rest_route=\/wp\/v2\/pages\/3","targetHints":{"allow":["GET"]}}],"collection":[{"href":"https:\/\/rdm.pulsesenegaldev.com\/index.php?rest_route=\/wp\/v2\/pages"}],"about":[{"href":"https:\/\/rdm.pulsesenegaldev.com\/index.php?rest_route=\/wp\/v2\/types\/page"}],"author":[{"embeddable":true,"href":"https:\/\/rdm.pulsesenegaldev.com\/index.php?rest_route=\/wp\/v2\/users\/1"}],"replies":[{"embeddable":true,"href":"https:\/\/rdm.pulsesenegaldev.com\/index.php?rest_route=%2Fwp%2Fv2%2Fcomments&post=3"}],"version-history":[{"count":5,"href":"https:\/\/rdm.pulsesenegaldev.com\/index.php?rest_route=\/wp\/v2\/pages\/3\/revisions"}],"predecessor-version":[{"id":4508,"href":"https:\/\/rdm.pulsesenegaldev.com\/index.php?rest_route=\/wp\/v2\/pages\/3\/revisions\/4508"}],"wp:attachment":[{"href":"https:\/\/rdm.pulsesenegaldev.com\/index.php?rest_route=%2Fwp%2Fv2%2Fmedia&parent=3"}],"curies":[{"name":"wp","href":"https:\/\/api.w.org\/{rel}","templated":true}]}}