{"id":3234,"date":"2025-05-11T12:33:57","date_gmt":"2025-05-11T10:33:57","guid":{"rendered":"http:\/\/localhost\/rdmagence\/?page_id=3234"},"modified":"2025-06-26T04:22:24","modified_gmt":"2025-06-26T02:22:24","slug":"expertise","status":"publish","type":"page","link":"https:\/\/rdm.pulsesenegaldev.com\/?page_id=3234","title":{"rendered":"Expertise"},"content":{"rendered":"\t\t<div data-elementor-type=\"wp-page\" data-elementor-id=\"3234\" class=\"elementor elementor-3234\">\n\t\t\t\t<div class=\"elementor-element elementor-element-eb874e0 e-flex e-con-boxed e-con e-parent\" data-id=\"eb874e0\" data-element_type=\"container\" data-settings=\"{&quot;background_background&quot;:&quot;classic&quot;}\">\n\t\t\t\t\t<div class=\"e-con-inner\">\n\t\t\t\t<div class=\"elementor-element elementor-element-aa42910 elementor-widget__width-initial elementor-widget elementor-widget-html\" data-id=\"aa42910\" data-element_type=\"widget\" data-widget_type=\"html.default\">\n\t\t\t\t<div class=\"elementor-widget-container\">\n\t\t\t\t\t<style>\n  .onglets-container {\n    font-family: \"Segoe UI\", sans-serif;\n     max-width: 100%;\n    margin: auto;\n    align-content: center;\n  }\n\n  .tab-header {\n    display: flex;\n    justify-content: center;\n    background: #000000;\n    flex-wrap: wrap;\n  }\n\n  .tab-button {\n  flex: 1 1 200px;\n  padding: 15px 20px;\n  background: #000000;\n  color: white;\n  cursor: pointer;\n  border: none;\n  outline: none;\n  transition: all 0.3s ease;\n  font-size: 35px;\n  display: flex;\n  align-items: center;\n  justify-content: center;\n  gap: 10px;\n  border-right: 2px solid white; \/* Trait entre les onglets *\/\n}\n.tab-button:last-child {\n  border-right: none; \/* Supprime le dernier trait *\/\n}\n\n\n  .tab-button.active {\n    background: #991917;\n    color: white;\n  }\n\n  .tab-content {\n    display: none;\n    background-color: #f8f8f8;\n    padding: 40px 20px;\n  }\n\n  .tab-content.active {\n    display: block;\n  }\n\n  .section-title {\n    font-size: 22px;\n    font-weight: bold;\n    margin-bottom: 10px;\n    color: #991917;\n    display: flex;\n    align-items: center;\n    gap: 10px;\n  }\n\n  .section-text {\n    margin-bottom: 30px;\n    font-size: 16px;\n    line-height: 1.6;\n  }\n<\/style>\n\n<div class=\"onglets-container\">\n  <div class=\"tab-header\">\n     <button class=\"tab-button active\" onclick=\"openTab(event, 'rp')\">\n\n  <img decoding=\"async\" src=\"https:\/\/rdm.pulsesenegaldev.com\/wp-content\/uploads\/2025\/06\/RP.png\" alt=\"Relations Publiques\" style=\"height: 50px; vertical-align: middle; margin-right: 5px;\">\n  Relations Publiques\n<\/button>\n    <button class=\"tab-button\" onclick=\"openTab(event, 'digital')\">\n  <img decoding=\"async\" src=\"https:\/\/rdm.pulsesenegaldev.com\/wp-content\/uploads\/2025\/06\/dgt.webp\" alt=\"Digital\" style=\"height: 50px; vertical-align: middle; margin-right: 5px;\">\n  Digital\n<\/button>\n\n    <button class=\"tab-button\" onclick=\"openTab(event, 'marketing')\">\n  <img decoding=\"async\" src=\"https:\/\/rdm.pulsesenegaldev.com\/wp-content\/uploads\/2025\/06\/Mktg.webp\" alt=\"Marketing\" style=\"height: 40px; vertical-align: middle; margin-right: 5px;\">\n  Marketing\n<\/button>\n  <\/div>\n\n  <!-- Onglet Relations Publiques -->\n  <div id=\"rp\" class=\"tab-content active\">\n    <div class=\"section-title\">\n                    <img decoding=\"async\" src=\"https:\/\/rdm.pulsesenegaldev.com\/wp-content\/uploads\/2025\/06\/Conseil-en-RP.png\" alt=\"Conseil\" style=\"height: 40px; vertical-align: middle; margin-right: 8px;\">\n            CONSEIL EN STRAT\u00c9GIE ET RELATIONS PUBLIQUES\n                <\/div>\n\n                <div class=\"section-text\">Nous proposons des solutions adapt\u00e9es pour r\u00e9pondre \u00e0 vos enjeux de communication strat\u00e9gique : relations presse, relations publiques, organisation d\u2019\u00e9v\u00e9nements, et plus encore.<br>\n                    <span style=\"font-weight:bold;\">Recommand\u00e9 pour :  Structurer votre strat\u00e9gie avant de la d\u00e9ployer !<\/span>\n                <\/div>\n\n                <div class=\"section-title\">\n                    <img decoding=\"async\" src=\"https:\/\/rdm.pulsesenegaldev.com\/wp-content\/uploads\/2025\/06\/RELATIONS-PRESSE.png\" alt=\"Conseil\" style=\"height: 40px; vertical-align: middle; margin-right: 8px;\"> RELATIONS PRESSE\n                <\/div>\n                <div class=\"section-text\">Gr\u00e2ce \u00e0 notre r\u00e9seau, nous permettons de d\u00e9velopper une relation de confiance, d'estime et d'adh\u00e9sion avec le milieu m\u00e9diatique. Nous vous assurons un relais aupr\u00e8s de l'opinion publique ou de votre public sp\u00e9cifique.<br>\n                 <span style=\"font-weight:bold;\">Recommand\u00e9 pour : Donner de la voix \u00e0 votre communication !<\/span>\n                <\/div>\n\n                <div class=\"section-title\">\n                    <img decoding=\"async\" src=\"https:\/\/rdm.pulsesenegaldev.com\/wp-content\/uploads\/2025\/06\/INFLUENCE-MARKETING.png\" alt=\"Conseil\" style=\"height: 40px; vertical-align: middle; margin-right: 8px;\"> INFLUENCE MARKETING\n                <\/div>\n                <div class=\"section-text\">L\u2019Influence Marketing s\u2019impose aujourd\u2019hui comme un levier essentiel du marketing digital. Gr\u00e2ce \u00e0 notre plateforme exclusive Pulse Influencer Network, nous identifions les cr\u00e9ateurs de contenu les plus pertinents pour votre marque, sur la base de donn\u00e9es fiables et de KPIs mesur\u00e9s. <br>\n                    <span style=\"font-weight:bold;\">Recommand\u00e9 pour : Construire une communication d\u2019influence pertinente! <\/span>\n                <\/div>\n\n                <div class=\"section-title\">\n                    <img decoding=\"async\" src=\"https:\/\/rdm.pulsesenegaldev.com\/wp-content\/uploads\/2025\/06\/PRODUCTION-DE-CONTENUS.png\" alt=\"Conseil\" style=\"height: 40px; vertical-align: middle; margin-right: 8px;\"> PRODUCTION DE CONTENUS\n                <\/div>\n                <div class=\"section-text\">Transformez vos supports \u00e9ditoriaux (newsletter, emailing, articles de blog, contenus web, traductions) en v\u00e9ritables leviers d\u2019engagement.\n            Faites de vos contenus une conversation efficace entre vous et votre cible gr\u00e2ce \u00e0 nos strat\u00e9gies sur-mesure de production et de gestion \u00e9ditoriale.<br>\n                    <span style=\"font-weight:bold;\">Recommand\u00e9 pour : Avoir une strat\u00e9gie de contenus de qualit\u00e9 ! <\/span>\n                <\/div>\n\n                <div class=\"section-title\">\n                    <img decoding=\"async\" src=\"https:\/\/rdm.pulsesenegaldev.com\/wp-content\/uploads\/2025\/06\/BANNIERES.png\" alt=\"Conseil\" style=\"height: 40px; vertical-align: middle; margin-right: 8px;\"> BANNI\u00c8RES MOBILES ET DESKTOP\n                <\/div>\n                <div class=\"section-text\">Boostez votre visibilit\u00e9 gr\u00e2ce \u00e0 des banni\u00e8res diffus\u00e9es via notre plateforme. Premier \u00e9diteur panafricain de nouveaux m\u00e9dias, Pulse offre des contenus originaux et divertissants sous licence avec des marques internationales comme Business Insider, The New York Times, Women\u2019s Health, Men\u2019s Health.\n            Pulse g\u00e9n\u00e8re des millions d\u2019impressions et de vues chaque mois.<br>\n                    <span style=\"font-weight:bold;\">Recommand\u00e9 pour : Accro\u00eetre rapidement votre visibilit\u00e9 !<\/span>\n                <\/div>\n\n                <div class=\"section-title\">\n                    <img decoding=\"async\" src=\"https:\/\/rdm.pulsesenegaldev.com\/wp-content\/uploads\/2025\/06\/ARTICLES-SPONSORISES.png\" alt=\"Conseil\" style=\"height: 40px; vertical-align: middle; margin-right: 8px;\"> ARTICLES SPONSORIS\u00c9S\n                <\/div>\n                <div class=\"section-text\">Nos r\u00e9dacteurs produisent des contenus engageants et contextualis\u00e9s pour mettre en valeur vos produits, services ou expertises. Notre audience profitera d'informations pertinentes que vous souhaitez leur fournir.<br>\n                    <span style=\"font-weight:bold;\">Recommand\u00e9 pour : Communiquer de mani\u00e8re authentique !<\/span>\n                <\/div>\n\n                <div class=\"section-title\">\n                    <img decoding=\"async\" src=\"https:\/\/rdm.pulsesenegaldev.com\/wp-content\/uploads\/2025\/06\/PUBLICATIONS-SUR-LES-RS.png\" alt=\"Conseil\" style=\"height: 40px; vertical-align: middle; margin-right: 8px;\"> PUBLICATIONS SUR LES R\u00c9SEAUX SOCIAUX\n                <\/div>\n                <div class=\"section-text\">Nous mettons \u00e0 votre disposition notre audience social media via des posts sur nos diff\u00e9rentes plateformes. Ces publications pourront \u00eatre utilis\u00e9es dans la mise en avant de nouveaux produits, lancement de services, communication institutionnelle\u2026 Notre \u00e9quipe experte vous accompagne pour d\u00e9finir une vision cr\u00e9ative, cibler les bons publics, et piloter vos campagnes avec pr\u00e9cision.<br>\n                    <span style=\"font-weight:bold;\">Recommand\u00e9 pour : Avoir une communication cibl\u00e9e et pertinente sur les r\u00e9seaux sociaux !<\/span>\n                <\/div>\n\n                <div class=\"section-title\">\n                    <img decoding=\"async\" src=\"https:\/\/rdm.pulsesenegaldev.com\/wp-content\/uploads\/2025\/06\/EMAIL-MARKETING.png\" alt=\"Conseil\" style=\"height: 40px; vertical-align: middle; margin-right: 8px;\"> EMAIL MARKETING\n                <\/div>\n                <div class=\"section-text\">Profitez de notre base d\u2019abonn\u00e9s qualifi\u00e9s pour diffuser vos contenus via des placements publicitaires ou des articles cibl\u00e9s.<br>\n                    <span style=\"font-weight:bold;\">Recommand\u00e9 pour : Toucher une audience qualifi\u00e9e!<\/span>\n                <\/div>\n  <\/div>\n\n  <!-- Onglet Digital -->\n  <div id=\"digital\" class=\"tab-content\">\n    <div>\n      <div class=\"section-title\">\n                    <img decoding=\"async\" src=\"https:\/\/rdm.pulsesenegaldev.com\/wp-content\/uploads\/2025\/06\/Digital-SITE-WEB.png\" alt=\"Conseil\" style=\"height: 40px; vertical-align: middle; margin-right: 8px;\"> SITES INTERNET \/ APPLICATIONS<\/div>\n      <div class=\"section-text\">Gr\u00e2ce \u00e0 l\u2019utilisation des meilleures technologies et l\u2019application de bonnes pratiques, nous concevons et d\u00e9veloppons des sites web et applications con\u00e7ues pour la performance sur tous les appareils.<br>\n                    <span style=\"font-weight:bold;\">Recommand\u00e9 pour : D\u00e9velopper sa cr\u00e9dibilit\u00e9 avec des supports de qualit\u00e9 !<\/span>\n                <\/div>\n\n      <div class=\"section-title\">\n                    <img decoding=\"async\" src=\"https:\/\/rdm.pulsesenegaldev.com\/wp-content\/uploads\/2025\/06\/Digital-GRS.png\" alt=\"Conseil\" style=\"height: 40px; vertical-align: middle; margin-right: 8px;\"> GESTION DES R\u00c9SEAUX SOCIAUX<\/div>\n      <div class=\"section-text\">Campagnes ponctuelles ou \u00e0 long terme : nous faisons vivre votre marque sur les r\u00e9seaux sociaux. Cr\u00e9ation de contenus, animation de communaut\u00e9, ciblage d\u2019influenceurs\u2026 nous vous connectons \u00e0 votre audience avec r\u00e9gularit\u00e9 et cr\u00e9ativit\u00e9.<br>\n                    <span style=\"font-weight:bold;\">Recommand\u00e9 pour : D\u00e9velopper une pr\u00e9sence sociale engageante et cibl\u00e9e !<\/span>\n                <\/div>\n\n      <div class=\"section-title\">\n                    <img decoding=\"async\" src=\"https:\/\/rdm.pulsesenegaldev.com\/wp-content\/uploads\/2025\/06\/Digital-SEO.png\" alt=\"Conseil\" style=\"height: 40px; vertical-align: middle; margin-right: 8px;\"> R\u00c9F\u00c9RENCEMENT NATUREL (SEO)<\/div>\n      <div class=\"section-text\">Nous optimisons votre site pour les moteurs de recherche gr\u00e2ce \u00e0 une strat\u00e9gie SEO compl\u00e8te. Cette approche permet de positionner les pages de votre site parmi les premiers r\u00e9sultats naturels sur Google, Bing, Yahoo et bien d\u2019autres, afin d\u2019accro\u00eetre votre visibilit\u00e9 et de g\u00e9n\u00e9rer un trafic organique qualifi\u00e9.\n<br>\n                    <span style=\"font-weight:bold;\">Recommand\u00e9 pour : Am\u00e9liorer votre visibilit\u00e9 naturelle sur les moteurs de recherche !<\/span>\n                <\/div>\n\n      <div class=\"section-title\">\n                    <img decoding=\"async\" src=\"https:\/\/rdm.pulsesenegaldev.com\/wp-content\/uploads\/2025\/06\/Digital-Webmastering.png\" alt=\"Conseil\" style=\"height: 40px; vertical-align: middle; margin-right: 8px;\">\ufe0f WEBMASTERING<\/div>\n      <div class=\"section-text\">Nous vous accompagnons dans la gestion de vos supports afin de les optimiser et de les garder \u00e0 jour selon vos exigences marketing et technologiques. \n<br>\n                    <span style=\"font-weight:bold;\">Recommand\u00e9 pour : Maintenir un site performant et \u00e0 jour !\n<\/span>\n                <\/div>\n\n      <div class=\"section-title\">\n                    <img decoding=\"async\" src=\"https:\/\/rdm.pulsesenegaldev.com\/wp-content\/uploads\/2025\/06\/Digital-EMAILING-NEWSLETTER.png\" alt=\"Conseil\" style=\"height: 40px; vertical-align: middle; margin-right: 8px;\"> EMAILING ET NEWSLETTER<\/div>\n      <div class=\"section-text\">Transformez vos campagnes d\u2019e-mails en conversations engageantes entre vous et votre cible. De la conception \u00e0 la diffusion, nous structurons vos newsletters et emailings pour optimiser l\u2019engagement et la fid\u00e9lisation de vos cibles.\n<br>\n                    <span style=\"font-weight:bold;\">Recommand\u00e9 pour : Entretenir un lien r\u00e9gulier avec votre audience !\n<\/span>\n                <\/div>\n\n      <div class=\"section-title\">\n                    <img decoding=\"async\" src=\"https:\/\/rdm.pulsesenegaldev.com\/wp-content\/uploads\/2025\/06\/Digital-PUBLICITES-EN-LIGNE.png\" alt=\"Conseil\" style=\"height: 40px; vertical-align: middle; margin-right: 8px;\"> PUBLICIT\u00c9S EN LIGNE<\/div>\n      <div class=\"section-text\">Augmentez la notori\u00e9t\u00e9 en ligne de votre marque et rehaussez l\u2019engagement sur votre site web gr\u00e2ce \u00e0 nos strat\u00e9gies de publicit\u00e9 digitale via le Search Engine Advertising (SEA) qui est la publicit\u00e9 sur les moteurs de recherche et le Display Advertising (Google Display\/Social media advertising)\n<br>\n                    <span style=\"font-weight:bold;\">Recommand\u00e9 pour : Gagner en visibilit\u00e9 et g\u00e9n\u00e9rer du trafic !\n<\/span>\n                <\/div>\n\n      <div class=\"section-title\">\n                    <img decoding=\"async\" src=\"https:\/\/rdm.pulsesenegaldev.com\/wp-content\/uploads\/2025\/06\/Digital-GESTION-DE-DOMAINE.png\" alt=\"Conseil\" style=\"height: 40px; vertical-align: middle; margin-right: 8px;\"> GESTION DE DOMAINE ET H\u00c9BERGEMENT<\/div>\n      <div class=\"section-text\">B\u00e9n\u00e9ficiez d\u2019un service complet : enregistrement de domaines, h\u00e9bergement web online ou offline, Google Apps, protection contre les virus, sauvegarde de donn\u00e9es et assistance technique.\n<br>\n                    <span style=\"font-weight:bold;\">Recommand\u00e9 pour : Refl\u00e9ter une image professionnelle et s\u00e9curiser vos donn\u00e9es !\n<\/span>\n                <\/div>\n\n      <div class=\"section-title\">\n                    <img decoding=\"async\" src=\"https:\/\/rdm.pulsesenegaldev.com\/wp-content\/uploads\/2025\/06\/Digital-GENERATION-DE-LEADS.png\" alt=\"Conseil\" style=\"height: 40px; vertical-align: middle; margin-right: 8px;\"> G\u00c9N\u00c9RATION DE LEADS (PROSPECTS)<\/div>\n      <div class=\"section-text\">La d\u00e9finition du ROI devient de plus en plus un facteur cl\u00e9 pour l\u2019\u00e9valuation de l\u2019efficacit\u00e9 d\u2019une strat\u00e9gie digitale. Nous mettons en place des m\u00e9canismes de conversion avanc\u00e9s (landing pages, formulaires optimis\u00e9s, growth hacking, etc.) pour vous aider \u00e0 collecter des prospects qualifi\u00e9s et accro\u00eetre vos ventes.\n<br>\n                    <span style=\"font-weight:bold;\">Recommand\u00e9 pour : Obtenir une base de donn\u00e9es de prospects cibl\u00e9s !\n<\/span>\n                <\/div>\n    <\/div>\n  <\/div>\n\n  <!-- Onglet Marketing -->\n  <div id=\"marketing\" class=\"tab-content\">\n    <div>\n      <div class=\"section-title\">\n                    <img decoding=\"async\" src=\"https:\/\/rdm.pulsesenegaldev.com\/wp-content\/uploads\/2025\/06\/Marketing-Conseil-en-strategie-marketing.png\" alt=\"Conseil\" style=\"height: 40px; vertical-align: middle; margin-right: 8px;\"> CONSEIL EN STRAT\u00c9GIE MARKETING<\/div>\n      <div class=\"section-text\">Nous concevons des solutions sur mesure pour r\u00e9pondre \u00e0 vos enjeux strat\u00e9giques : lancement de produit, veille concurrentielle, organisation d\u2019\u00e9v\u00e9nements, etc.\n<br>\n                    <span style=\"font-weight:bold;\">Recommand\u00e9 pour : B\u00e2tir une r\u00e9flexion strat\u00e9gique avant de d\u00e9ployer ses actions !\n<\/span>\n                <\/div>\n\n      <div class=\"section-title\">\n                    <img decoding=\"async\" src=\"https:\/\/rdm.pulsesenegaldev.com\/wp-content\/uploads\/2025\/06\/Marketing_Offline-print-1.png\" alt=\"Conseil\" style=\"height: 40px; vertical-align: middle; margin-right: 8px;\"> MARKETING OFFLINE 360\u00b0 & PRINT<\/div>\n      <div class=\"section-text\">Parce que nous sommes conscients de l\u2019importance d\u2019avoir une communication globale et harmonis\u00e9e, nous vous accompagnons dans la cr\u00e9ation et la diffusion de campagnes multicanales : TV, radio, affichage, presse, cin\u00e9ma\u2026 ainsi que dans la production de supports print adapt\u00e9s \u00e0 votre image.\n<br>\n                    <span style=\"font-weight:bold;\">Recommand\u00e9 pour : Structurer et d\u00e9ployer une strat\u00e9gie marketing coh\u00e9rente sur tous les canaux !\n<\/span>\n                <\/div>\n\n      <div class=\"section-title\">\n                    <img decoding=\"async\" src=\"https:\/\/rdm.pulsesenegaldev.com\/wp-content\/uploads\/2025\/06\/Marketing-Couverture-evenements.png\" alt=\"Conseil\" style=\"height: 40px; vertical-align: middle; margin-right: 8px;\"> COUVERTURE D\u2019\u00c9V\u00c9NEMENTS<\/div>\n      <div class=\"section-text\">Valorisez vos \u00e9v\u00e9nements gr\u00e2ce \u00e0 notre strat\u00e9gie de couverture en temps r\u00e9el (live, m\u00e9dias, photos\/vid\u00e9os). Nous assurons leur visibilit\u00e9 sur les plateformes pertinentes et r\u00e9alisons une compilation des temps forts pour prolonger l'impact.\n<br>\n                    <span style=\"font-weight:bold;\">Recommand\u00e9 pour : Relayer un \u00e9v\u00e9nement professionnel et donner une visibilit\u00e9 360\u00b0 \u00e0 vos \u00e9v\u00e9nements !\n<\/span>\n                <\/div>\n\n      <div class=\"section-title\">\n                    <img decoding=\"async\" src=\"https:\/\/rdm.pulsesenegaldev.com\/wp-content\/uploads\/2025\/06\/Marketing-Production-photos-videos.png\" alt=\"Conseil\" style=\"height: 40px; vertical-align: middle; margin-right: 8px;\"> PRODUCTION PHOTOS ET VID\u00c9OS<\/div>\n      <div class=\"section-text\">Nous r\u00e9alisons pour vous des photos et vid\u00e9os professionnelles pour valoriser votre marque, vos produits ou vos \u00e9v\u00e9nements. \nNotre \u00e9quipe propose des contenus cr\u00e9atifs sur mesure (vid\u00e9os promotionnelles, publireportages, etc.) afin de dynamiser votre communication et atteindre vos objectifs marketing, avec un accompagnement complet de la conception \u00e0 la r\u00e9alisation.\n<br>\n                    <span style=\"font-weight:bold;\">Recommand\u00e9 pour : Cr\u00e9er des supports percutants pour votre communication et immortaliser vos moments cl\u00e9s. \n<\/span>\n                <\/div>\n\n      <div class=\"section-title\">\n                    <img decoding=\"async\" src=\"https:\/\/rdm.pulsesenegaldev.com\/wp-content\/uploads\/2025\/06\/Marketing-Design-graphique.png\" alt=\"Conseil\" style=\"height: 40px; vertical-align: middle; margin-right: 8px;\"> DESIGN GRAPHIQUE<\/div>\n      <div class=\"section-text\">Notre \u00e9quipe de designers con\u00e7oit des supports visuels \u00e0 forte valeur ajout\u00e9e, en harmonie avec votre charte graphique et votre identit\u00e9 de marque.\n<br>\n                    <span style=\"font-weight:bold;\">Recommand\u00e9 pour : Disposer d\u2019une communication visuelle impactante !\n<\/span>\n                <\/div>\n\n      <div class=\"section-title\">\n                    <img decoding=\"async\" src=\"https:\/\/rdm.pulsesenegaldev.com\/wp-content\/uploads\/2025\/06\/Marketing-Animations.png\" alt=\"Conseil\" style=\"height: 40px; vertical-align: middle; margin-right: 8px;\"> ANIMATIONS 2D\/3D, MOTION DESIGN<\/div>\n      <div class=\"section-text\">Notre \u00e9quipe est \u00e0 mesure de donner vie \u00e0 vos id\u00e9es gr\u00e2ce \u00e0 des animations et vid\u00e9os en motion design. Une mani\u00e8re originale et dynamique de faire passer vos messages, captiver votre audience et enrichir votre strat\u00e9gie digitale.\n<br>\n                    <span style=\"font-weight:bold;\">Recommand\u00e9 pour : Opter pour une communication vid\u00e9o impactante !\n<\/span>\n                <\/div>\n    <\/div>\n  <\/div>\n<\/div>\n\n<script>\n  function openTab(evt, tabName) {\n    const contents = document.querySelectorAll('.tab-content');\n    const buttons = document.querySelectorAll('.tab-button');\n\n    contents.forEach(c => c.classList.remove('active'));\n    buttons.forEach(b => b.classList.remove('active'));\n\n    document.getElementById(tabName).classList.add('active');\n    evt.currentTarget.classList.add('active');\n  }\n<\/script>\n\t\t\t\t<\/div>\n\t\t\t\t<\/div>\n\t\t\t\t\t<\/div>\n\t\t\t\t<\/div>\n\t\t\t\t<\/div>\n\t\t","protected":false},"excerpt":{"rendered":"<p>Relations Publiques Digital Marketing CONSEIL EN STRAT\u00c9GIE ET RELATIONS PUBLIQUES Nous proposons des solutions adapt\u00e9es pour r\u00e9pondre \u00e0 vos enjeux de communication strat\u00e9gique : relations presse, relations publiques, organisation d\u2019\u00e9v\u00e9nements, et plus encore. Recommand\u00e9 pour : Structurer votre strat\u00e9gie avant de la d\u00e9ployer ! RELATIONS PRESSE Gr\u00e2ce \u00e0 notre r\u00e9seau, nous permettons de d\u00e9velopper une [&hellip;]<\/p>\n","protected":false},"author":1,"featured_media":0,"parent":0,"menu_order":0,"comment_status":"closed","ping_status":"closed","template":"elementor_header_footer","meta":{"_monsterinsights_skip_tracking":false,"_monsterinsights_sitenote_active":false,"_monsterinsights_sitenote_note":"","_monsterinsights_sitenote_category":0,"footnotes":""},"class_list":["post-3234","page","type-page","status-publish","hentry"],"aioseo_notices":[],"_links":{"self":[{"href":"https:\/\/rdm.pulsesenegaldev.com\/index.php?rest_route=\/wp\/v2\/pages\/3234","targetHints":{"allow":["GET"]}}],"collection":[{"href":"https:\/\/rdm.pulsesenegaldev.com\/index.php?rest_route=\/wp\/v2\/pages"}],"about":[{"href":"https:\/\/rdm.pulsesenegaldev.com\/index.php?rest_route=\/wp\/v2\/types\/page"}],"author":[{"embeddable":true,"href":"https:\/\/rdm.pulsesenegaldev.com\/index.php?rest_route=\/wp\/v2\/users\/1"}],"replies":[{"embeddable":true,"href":"https:\/\/rdm.pulsesenegaldev.com\/index.php?rest_route=%2Fwp%2Fv2%2Fcomments&post=3234"}],"version-history":[{"count":347,"href":"https:\/\/rdm.pulsesenegaldev.com\/index.php?rest_route=\/wp\/v2\/pages\/3234\/revisions"}],"predecessor-version":[{"id":5062,"href":"https:\/\/rdm.pulsesenegaldev.com\/index.php?rest_route=\/wp\/v2\/pages\/3234\/revisions\/5062"}],"wp:attachment":[{"href":"https:\/\/rdm.pulsesenegaldev.com\/index.php?rest_route=%2Fwp%2Fv2%2Fmedia&parent=3234"}],"curies":[{"name":"wp","href":"https:\/\/api.w.org\/{rel}","templated":true}]}}